{"id":962,"date":"2023-04-27T17:20:19","date_gmt":"2023-04-27T20:20:19","guid":{"rendered":"https:\/\/isfdsabato-crr.infd.edu.ar\/sitio\/?page_id=962"},"modified":"2023-04-27T23:57:15","modified_gmt":"2023-04-28T02:57:15","slug":"plan-de-estudio","status":"publish","type":"page","link":"https:\/\/isfdsabato-crr.infd.edu.ar\/sitio\/plan-de-estudio\/","title":{"rendered":"Plan de Estudio"},"content":{"rendered":"\n<p>Plan de estudios:<br>Denominaci\u00f3n de la carrera: Profesorado en Agronom\u00eda<br>T\u00edtulo a otorgar: Profesor\/a de Agronom\u00eda<br><\/p>\n\n\n\n<p>1er A\u00f1o<br>Orden Unidad Curricular R\u00e9gimen Formato Horas did\u00e1cticas<br>01 Biolog\u00eda Anual 4hs <br>02 Introducci\u00f3n a la Agronom\u00eda Anual 4 hs <br>03 F\u00edsico-Qu\u00edmica Aplicada Anual 4 hs<br>04 Matem\u00e1tica Aplicada Anual 4 hs<br>05 Lectura y Escritura Acad\u00e9mica Anual 4 hs<br>06 Filosof\u00eda Anual 4 hs<br>07 Pedagog\u00eda Cuatrimestral 6 hs<br>08 Psicolog\u00eda Educacional Cuatrimestral 6 hs<br>09 Did\u00e1ctica General Anual 4 hs<br>10 Pr\u00e1ctica I: M\u00e9todos y t\u00e9cnicas de Recolecci\u00f3n. Instituciones Educativas Anual 5 hs<\/p>\n\n\n\n<p>2do A\u00f1o<br>11 Tecnolog\u00eda de la Informaci\u00f3n y la Comunicaci\u00f3n en la Ense\u00f1anza  Cuatrimestral 6 hs<br>12 Matem\u00e1tica y su Tratamiento Did\u00e1ctico Anual Materia 4 horas<br>13 Lengua y literatura y su tratamiento did\u00e1ctico Anual Materia 4 horas<br>14 Educaci\u00f3n Psicomotriz Anual Materia 6 horas<br>15 Atenci\u00f3n Temprana Cuatrimestral Materia 4 horas<br>16 Trastornos del Desarrollo en Sujetos con Discapacidad Intelectual Cuatrimestral Materia 4 horas<br>17 Alteraci\u00f3n del lenguaje en Sujetos con discapacidad Intelectual Cuatrimestral Materia 4 horas<br>18 Educaci\u00f3n Sexual Integral Cuatrimestral Taller 5 horas<br>19 Pr\u00e1ctica II: Programaci\u00f3n de la ense\u00f1anza\/curriculum y organizaciones escolares. Anual Pr\u00e1cticas Docentes 7 horas<br>3 a\u00f1o<br>20 Filosof\u00eda de la Educaci\u00f3n Cuatrimestral Materia 3 horas<br>21 Tecnolog\u00edas de la informaci\u00f3n y la comunicaci\u00f3n Anual Taller 3 horas<br>22 Ciencias Sociales y su Tratamiento did\u00e1ctico Anual Materia 4 horas<br>23 Ciencias Naturales y su tratamiento Did\u00e1ctico Anual Materia 4 horas<br>24 Problem\u00e1tica Contempor\u00e1neas de la Educaci\u00f3n Especial Cuatrimestral Taller 4 horas<br>25 Abordajes Pedag\u00f3gicos en Sujetos con Discapacidad Intelectual Anual Materia 4 horas<br>26 Elaboraci\u00f3n Material Did\u00e1ctico Adaptado Cuatrimestral Taller 4 horas<br>27 Alfabetizaci\u00f3n Inicial Anual Materia 4 horas<br>28 Pr\u00e1ctica III: Coordinaci\u00f3n de grupos de aprendizaje\/evaluaci\u00f3n de los aprendizajes Anual Pr\u00e1cticas Docentes 7 horas<\/p>\n\n\n\n<p>4 a\u00f1o<br>29 \u00c9tica y ciudadan\u00eda Cuatrimestral Materia 3 horas<br>30 Tecnolog\u00edas de la Informaci\u00f3n y la comunicaci\u00f3n en la Ense\u00f1anza Cuatrimestral Taller 4 horas<br>31 Lenguajes Art\u00edsticos en Sujetos con Discapacidad Intelectual Anual Taller 4 horas<br>32 Educaci\u00f3n del Adulto y Habilitaci\u00f3n ocupacional Cuatrimestral Taller 4 horas<br>33 Integraci\u00f3n Escolar Cuatrimestral Materia 4 horas<br>34 E.D.I. Cuatrimestral Materia\/seminario 5 horas<br>35 E.D.I. Cuatrimestral Materia\/seminario 5 horas<br>36 Residencia Pedag\u00f3gica: Sistematizaci\u00f3n de Experiencias Anual Pr\u00e1cticas Docentes 12 horas<\/p>\n","protected":false},"excerpt":{"rendered":"<p>Plan de estudios:Denominaci\u00f3n de la carrera: Profesorado en Agronom\u00edaT\u00edtulo a otorgar: Profesor\/a de Agronom\u00eda 1er A\u00f1oOrden Unidad Curricular R\u00e9gimen Formato Horas did\u00e1cticas01 Biolog\u00eda Anual 4hs 02 Introducci\u00f3n a la Agronom\u00eda Anual 4 hs 03 F\u00edsico-Qu\u00edmica Aplicada Anual 4 hs04 Matem\u00e1tica Aplicada Anual 4 hs05 Lectura y Escritura Acad\u00e9mica Anual 4 hs06 Filosof\u00eda Anual 4 hs07 &#8230; <a title=\"Plan de Estudio\" class=\"read-more\" href=\"https:\/\/isfdsabato-crr.infd.edu.ar\/sitio\/plan-de-estudio\/\" aria-label=\"More on Plan de Estudio\">[+]<\/a><\/p>\n","protected":false},"author":17,"featured_media":0,"parent":0,"menu_order":0,"comment_status":"closed","ping_status":"closed","template":"","meta":[],"acf":[],"_links":{"self":[{"href":"https:\/\/isfdsabato-crr.infd.edu.ar\/sitio\/wp-json\/wp\/v2\/pages\/962"}],"collection":[{"href":"https:\/\/isfdsabato-crr.infd.edu.ar\/sitio\/wp-json\/wp\/v2\/pages"}],"about":[{"href":"https:\/\/isfdsabato-crr.infd.edu.ar\/sitio\/wp-json\/wp\/v2\/types\/page"}],"author":[{"embeddable":true,"href":"https:\/\/isfdsabato-crr.infd.edu.ar\/sitio\/wp-json\/wp\/v2\/users\/17"}],"replies":[{"embeddable":true,"href":"https:\/\/isfdsabato-crr.infd.edu.ar\/sitio\/wp-json\/wp\/v2\/comments?post=962"}],"version-history":[{"count":2,"href":"https:\/\/isfdsabato-crr.infd.edu.ar\/sitio\/wp-json\/wp\/v2\/pages\/962\/revisions"}],"predecessor-version":[{"id":966,"href":"https:\/\/isfdsabato-crr.infd.edu.ar\/sitio\/wp-json\/wp\/v2\/pages\/962\/revisions\/966"}],"wp:attachment":[{"href":"https:\/\/isfdsabato-crr.infd.edu.ar\/sitio\/wp-json\/wp\/v2\/media?parent=962"}],"curies":[{"name":"wp","href":"https:\/\/api.w.org\/{rel}","templated":true}]}}