{"id":855,"date":"2020-04-01T09:47:30","date_gmt":"2020-04-01T12:47:30","guid":{"rendered":"https:\/\/isfdsabato-crr.infd.edu.ar\/sitio\/?page_id=855"},"modified":"2020-04-01T09:58:05","modified_gmt":"2020-04-01T12:58:05","slug":"profesorado-de-educacion-especial-con-orientacion-en-en-sordos-e-hipoacusicos","status":"publish","type":"page","link":"https:\/\/isfdsabato-crr.infd.edu.ar\/sitio\/profesorado-de-educacion-especial-con-orientacion-en-en-sordos-e-hipoacusicos\/","title":{"rendered":"Profesorado de Educaci\u00f3n Especial con Orientaci\u00f3n En  en Sordos e Hipoac\u00fasicos"},"content":{"rendered":"<p>Plan de estudios:<br \/>\nDenominaci\u00f3n de la carrera: Profesorado de Educaci\u00f3n Especial con Orientaci\u00f3n En  en Sordos e Hipoac\u00fasicos<br \/>\nT\u00edtulo a otorgar: Profesor\/a de Educaci\u00f3n Especial con orientaci\u00f3n en Sordos e Hipoac\u00fasicos Res.2613\/2015<br \/>\n1 a\u00f1o<br \/>\nOrden\tUnidad Curricular \tR\u00e9gimen \tFormato \tHoras did\u00e1cticas<br \/>\n01\tPedagog\u00eda \tAnual \tMateria \t4 horas<br \/>\n02 \tPsicolog\u00eda Educacional \t2\u00b0Cuatrimestre\tMateria\t5 horas<br \/>\n03\tDid\u00e1ctica General \tAnual \tMateria\t4 horas<br \/>\n04\tLectura y escritura acad\u00e9mica \tAnual\tTaller \t3 horas<br \/>\n05\tHistoria Argentina y Latinoamericana\t2\u00b0Cuatrimestre\tMateria\t3 horas<br \/>\n06\tSujeto de la Educaci\u00f3n Especial \t1\u00b0Cuatrimestre\tMateria\t4 horas<br \/>\n07\tBase Neuropsicobiol\u00f3gicas del desarrollo\tAnual\tMateria\t4 horas<br \/>\n08\tPsicolog\u00eda del Desarrollo\tAnual\tMateria\t4 horas<br \/>\n09\tLengua de se\u00f1as I\t1\u00b0 Cuatrimestral \tMateria \t6 horas<br \/>\n10\tPr\u00e1ctica I: M\u00e9todos y t\u00e9cnicas de Recolecci\u00f3n\/instituci\u00f3n Educativas. \tAnual\tPr\u00e1cticas Docentes \t6 horas<br \/>\n2 a\u00f1o<br \/>\n11\tHistoria y Pol\u00edtica de la Educaci\u00f3n Argentina\tCuatrimestral\tMateria \t3 horas<br \/>\n12\tSociolog\u00eda de la Educaci\u00f3n \tCuatrimestral\tMateria\t3 horas<br \/>\n13\tMatem\u00e1tica y su Tratamiento Did\u00e1ctico \tAnual \tMateria\t4 horas<br \/>\n14\tLengua y literatura y su tratamiento did\u00e1ctico \tAnual \tMateria\t4 horas<br \/>\n15\tEducaci\u00f3n Psicomotriz \tCuatrimestral \tMateria\t4 horas<br \/>\n15\tAtenci\u00f3n Temprana \tCuatrimestral \tMateria\t4 horas<br \/>\n16\tTrastornos del Desarrollo en Sujetos con Discapacidad Auditiva \tCuatrimestral \tMateria\t6 horas<br \/>\n17\tAlteraci\u00f3n del lenguaje en Sujetos con discapacidad Auditiva \tCuatrimestral \tMateria \t4 horas<br \/>\n18\tLengua de se\u00f1as II\tCuatrimestral\tMateria \t5 horas<br \/>\n19\tAnatomofisiolog\u00eda de la audici\u00f3n y fonaci\u00f3n \tCuatrimestral \tMateria \t4 horas<br \/>\n20\tPr\u00e1ctica II: Programaci\u00f3n de la ense\u00f1anza\/curriculum y organizaciones escolares. \tAnual\tPr\u00e1cticas Docentes \t7 horas<br \/>\n3 a\u00f1o<br \/>\n21\tTecnolog\u00edas de la informaci\u00f3n y la comunicaci\u00f3n \tAnual  \tTaller \t3 horas<br \/>\n22\tEducaci\u00f3n Sexual Integral \tCuatrimestral \tTaller \t4 horas<br \/>\n23\tAlteraci\u00f3n del lenguaje en sujetos con discapacidad auditiva \tCuatrimestral \tMateria \t6 horas<br \/>\n24\tCiencias Sociales y su Tratamiento did\u00e1ctico \tAnual\tMateria \t4 horas<br \/>\n25\tCiencias Naturales y su tratamiento Did\u00e1ctico \tAnual \tMateria \t4 horas<br \/>\n26\tProblem\u00e1tica Contempor\u00e1neas de la Educaci\u00f3n Especial \tCuatrimestral\tTaller  \t4 horas<br \/>\n27\tReeducaci\u00f3n Auditiva y fonoarticulatoria \tCuatrimestral \tMateria \t5 horas<br \/>\n28\tAlfabetizaci\u00f3n Inicial\tCuatrimestral \tMateria \t4 horas<br \/>\n29\tAprendizaje en sujetos con discapacidad auditiva \tAnual \tMateria \t6 horas <\/p>\n<p>30\tPr\u00e1ctica III: Coordinaci\u00f3n de grupos de aprendizaje\/evaluaci\u00f3n de los aprendizajes\tAnual\tPr\u00e1cticas Docentes \t7 horas<\/p>\n<p>4 a\u00f1o<br \/>\n31\t\u00c9tica y ciudadan\u00eda \tCuatrimestral\tMateria \t3 horas<br \/>\n32\tFilosof\u00eda de la educaci\u00f3n \tCuatrimestral\tMateria \t3 horas<br \/>\n33\tEDI \tCuatrimestral \tMateria\/seminario  \t5 horas<br \/>\n34\tTecnolog\u00edas de la Informaci\u00f3n y la comunicaci\u00f3n en la Ense\u00f1anza \tCuatrimestral\tTaller \t4 horas<br \/>\n35\tLenguajes Art\u00edsticos en Sujetos con Discapacidad Auditiva \tAnual \tTaller \t4 horas<br \/>\n36\tEducaci\u00f3n del Adulto y Habilitaci\u00f3n ocupacional \tCuatrimestral \tTaller \t4 horas<br \/>\n37\tIntegraci\u00f3n Escolar \tCuatrimestral\tMateria \t4 horas<br \/>\n38\tResidencia Pedag\u00f3gica: Sistematizaci\u00f3n de Experiencias \tAnual \tPr\u00e1cticas Docentes  \t12 horas<\/p>\n","protected":false},"excerpt":{"rendered":"<p>Plan de estudios: Denominaci\u00f3n de la carrera: Profesorado de Educaci\u00f3n Especial con Orientaci\u00f3n En en Sordos e Hipoac\u00fasicos T\u00edtulo a otorgar: Profesor\/a de Educaci\u00f3n Especial con orientaci\u00f3n en Sordos e Hipoac\u00fasicos Res.2613\/2015 1 a\u00f1o Orden Unidad Curricular R\u00e9gimen Formato Horas did\u00e1cticas 01 Pedagog\u00eda Anual Materia 4 horas 02 Psicolog\u00eda Educacional 2\u00b0Cuatrimestre Materia 5 horas 03 &#8230; <a title=\"Profesorado de Educaci\u00f3n Especial con Orientaci\u00f3n En  en Sordos e Hipoac\u00fasicos\" class=\"read-more\" href=\"https:\/\/isfdsabato-crr.infd.edu.ar\/sitio\/profesorado-de-educacion-especial-con-orientacion-en-en-sordos-e-hipoacusicos\/\" aria-label=\"More on Profesorado de Educaci\u00f3n Especial con Orientaci\u00f3n En  en Sordos e Hipoac\u00fasicos\">[+]<\/a><\/p>\n","protected":false},"author":33,"featured_media":0,"parent":0,"menu_order":0,"comment_status":"closed","ping_status":"closed","template":"","meta":[],"acf":[],"_links":{"self":[{"href":"https:\/\/isfdsabato-crr.infd.edu.ar\/sitio\/wp-json\/wp\/v2\/pages\/855"}],"collection":[{"href":"https:\/\/isfdsabato-crr.infd.edu.ar\/sitio\/wp-json\/wp\/v2\/pages"}],"about":[{"href":"https:\/\/isfdsabato-crr.infd.edu.ar\/sitio\/wp-json\/wp\/v2\/types\/page"}],"author":[{"embeddable":true,"href":"https:\/\/isfdsabato-crr.infd.edu.ar\/sitio\/wp-json\/wp\/v2\/users\/33"}],"replies":[{"embeddable":true,"href":"https:\/\/isfdsabato-crr.infd.edu.ar\/sitio\/wp-json\/wp\/v2\/comments?post=855"}],"version-history":[{"count":2,"href":"https:\/\/isfdsabato-crr.infd.edu.ar\/sitio\/wp-json\/wp\/v2\/pages\/855\/revisions"}],"predecessor-version":[{"id":859,"href":"https:\/\/isfdsabato-crr.infd.edu.ar\/sitio\/wp-json\/wp\/v2\/pages\/855\/revisions\/859"}],"wp:attachment":[{"href":"https:\/\/isfdsabato-crr.infd.edu.ar\/sitio\/wp-json\/wp\/v2\/media?parent=855"}],"curies":[{"name":"wp","href":"https:\/\/api.w.org\/{rel}","templated":true}]}}