{"id":838,"date":"2020-03-30T18:01:01","date_gmt":"2020-03-30T21:01:01","guid":{"rendered":"https:\/\/isfdsabato-crr.infd.edu.ar\/sitio\/?page_id=838"},"modified":"2020-03-30T19:32:32","modified_gmt":"2020-03-30T22:32:32","slug":"plan-de-estudio-lengua","status":"publish","type":"page","link":"https:\/\/isfdsabato-crr.infd.edu.ar\/sitio\/plan-de-estudio-lengua\/","title":{"rendered":"Plan de Estudio Lengua"},"content":{"rendered":"<p>Plan de estudios:<br \/>\nDenominaci\u00f3n de la carrera: Profesorado de Educaci\u00f3n Secundaria  en Lengua y Literatura<br \/>\nT\u00edtulo a otorgar: Profesor\/a de Educaci\u00f3n en Lengua y Literatura Res. 4659\/2015<br \/>\n1 a\u00f1o<br \/>\nOrden\tUnidad Curricular \tR\u00e9gimen \tFormato \tHoras did\u00e1cticas<br \/>\n01\tLengua I\tAnual  \tMateria \t5 horas<br \/>\n02 \tIntroducci\u00f3n a la Literatura \tAnual  \tMateria\t5 horas<br \/>\n03\tLectura y Escritura Acad\u00e9mica \tAnual \tTaller \t4 horas<br \/>\n04\tDid\u00e1ctica General \tAnual\tMateria  \t4 horas<br \/>\n05\tPedagog\u00eda \tAnual\tMateria\t4 horas<br \/>\n06\tFilosof\u00eda de la Educaci\u00f3n \t2\u00b0cuatrimestre \tMateria\t3 horas<br \/>\n07\tPr\u00e1ctica I: contextos y Pr\u00e1cticas Educativas. \tAnual\tPr\u00e1cticas Docentes\t5 horas<br \/>\n2 a\u00f1o<br \/>\n08\tLengua II\tAnual \tMateria  \t5 horas<br \/>\n09\tLiteratura Argentina I\tAnual \tMateria\t5 horas<br \/>\n10\tTecnolog\u00edas de la informaci\u00f3n y la comp. \tAnual \tTaller \t3 horas<br \/>\n11\tHistoria Argentina y latinoamericana \t2\u00b0Cuatrimestre\tMateria\t3 horas<br \/>\n12\tTaller de comprensi\u00f3n y producci\u00f3n de textos \tAnual\tTaller \t4 horas<br \/>\n13\tLiteratura Espa\u00f1ola I\tAnual\tMateria\t4 horas<br \/>\n14\tPsicolog\u00eda Educacional \t1\u00b0Cuatrimestre \tMateria\t5 horas<br \/>\n15\tSujeto de la Educaci\u00f3n Secundaria \tAnual \tMateria \t4 horas<br \/>\n16\tPsicosociolinguistica \tAnual \tMateria \t3 horas<br \/>\n17\tPr\u00e1ctica Docente II\tAnual\tTaller \t6 horas<br \/>\n3 a\u00f1o<br \/>\n18\tLengua III\tAnual \tMateria  \t4 horas<br \/>\n19\tHistoria y Pol\u00edtica de la Educ. Argentina \t1\u00b0Cuatrimestre \tMateria \t3 horas<br \/>\n20\tLiteratura Argentina II\tAnual\tMateria \t4 horas<br \/>\n21\tLiteratura latinoamericana \tAnual  \tMateria \t5 horas<br \/>\n22\tLiteratura Espa\u00f1ola II\tAnual \tSeminario \t3 horas<br \/>\n23\tDid\u00e1ctica Especifica \tAnual \tMateria  \t4 horas<br \/>\n24\tLengua y Literatura Griega \t2\u00b0Cuatrimestre\tMateria \t4 horas<br \/>\n25\tLengua y literatura Latina \t1\u00b0Cuatrimestre\tMateria \t4 horas<br \/>\n26\tSociolog\u00eda de la Educaci\u00f3n \t2\u00b0Cuatrimestre\tMateria \t3 horas<br \/>\n27\tPr\u00e1ctica Docente  III: \tAnual\tPr\u00e1cticas Docentes \t9 horas<br \/>\n4 a\u00f1o<br \/>\n28\tLengua Extranjera \t2\u00b0Cuatrimestre\tTaller \t3 horas<br \/>\n29\tLiteraturas Europeas \tAnual \tMateria\t4 horas<br \/>\n30\tHistoria del arte y la cultura \tAnual \tSeminario\t4 horas<br \/>\n31\tEducaci\u00f3n Sexual Integral\t1\u00b0Cuatrimestre\tTaller \t4 horas<br \/>\n32\t\u00c9tica y ciudadan\u00eda\t1\u00b0Cuatrimestre\tTaller \t3 horas<br \/>\n33\tSemi\u00f3tica y an\u00e1lisis del discurso \tAnual\tMateria \t3 horas<br \/>\n34\tResidencia Pedag\u00f3gica: \tAnual \tPr\u00e1cticas Docentes  \t10 horas<\/p>\n","protected":false},"excerpt":{"rendered":"<p>Plan de estudios: Denominaci\u00f3n de la carrera: Profesorado de Educaci\u00f3n Secundaria en Lengua y Literatura T\u00edtulo a otorgar: Profesor\/a de Educaci\u00f3n en Lengua y Literatura Res. 4659\/2015 1 a\u00f1o Orden Unidad Curricular R\u00e9gimen Formato Horas did\u00e1cticas 01 Lengua I Anual Materia 5 horas 02 Introducci\u00f3n a la Literatura Anual Materia 5 horas 03 Lectura y &#8230; <a title=\"Plan de Estudio Lengua\" class=\"read-more\" href=\"https:\/\/isfdsabato-crr.infd.edu.ar\/sitio\/plan-de-estudio-lengua\/\" aria-label=\"More on Plan de Estudio Lengua\">[+]<\/a><\/p>\n","protected":false},"author":17,"featured_media":0,"parent":0,"menu_order":0,"comment_status":"closed","ping_status":"closed","template":"","meta":[],"acf":[],"_links":{"self":[{"href":"https:\/\/isfdsabato-crr.infd.edu.ar\/sitio\/wp-json\/wp\/v2\/pages\/838"}],"collection":[{"href":"https:\/\/isfdsabato-crr.infd.edu.ar\/sitio\/wp-json\/wp\/v2\/pages"}],"about":[{"href":"https:\/\/isfdsabato-crr.infd.edu.ar\/sitio\/wp-json\/wp\/v2\/types\/page"}],"author":[{"embeddable":true,"href":"https:\/\/isfdsabato-crr.infd.edu.ar\/sitio\/wp-json\/wp\/v2\/users\/17"}],"replies":[{"embeddable":true,"href":"https:\/\/isfdsabato-crr.infd.edu.ar\/sitio\/wp-json\/wp\/v2\/comments?post=838"}],"version-history":[{"count":2,"href":"https:\/\/isfdsabato-crr.infd.edu.ar\/sitio\/wp-json\/wp\/v2\/pages\/838\/revisions"}],"predecessor-version":[{"id":845,"href":"https:\/\/isfdsabato-crr.infd.edu.ar\/sitio\/wp-json\/wp\/v2\/pages\/838\/revisions\/845"}],"wp:attachment":[{"href":"https:\/\/isfdsabato-crr.infd.edu.ar\/sitio\/wp-json\/wp\/v2\/media?parent=838"}],"curies":[{"name":"wp","href":"https:\/\/api.w.org\/{rel}","templated":true}]}}