{"id":796,"date":"2019-04-25T19:24:24","date_gmt":"2019-04-25T22:24:24","guid":{"rendered":"https:\/\/isfdsabato-crr.infd.edu.ar\/sitio\/?page_id=796"},"modified":"2020-04-03T00:26:13","modified_gmt":"2020-04-03T03:26:13","slug":"prof-en-educacion-primaria","status":"publish","type":"page","link":"https:\/\/isfdsabato-crr.infd.edu.ar\/sitio\/prof-en-educacion-primaria\/","title":{"rendered":"Prof. en Educaci\u00f3n Primaria"},"content":{"rendered":"<p>Plan de estudios:<br \/>\nDenominaci\u00f3n de la carrera: Profesorado de Educaci\u00f3n Primaria.<br \/>\nT\u00edtulo a otorgar: Profesor\/a de Educaci\u00f3n Primaria. Res. 1464\/2014<br \/>\n1 a\u00f1o<br \/>\nOrden\tUnidad Curricular \tR\u00e9gimen \tFormato \tHoras did\u00e1cticas<br \/>\n01\tPedagog\u00eda \tCuatrimestral \tMateria \t6 horas<br \/>\n02 \tPsicolog\u00eda Educacional \tCuatrimestral \tMateria\t6 horas<br \/>\n03\tDid\u00e1ctica General \tAnual \tMateria\t4 horas<br \/>\n04\tLectura y escritura acad\u00e9mica \tAnual\tTaller \t3 horas<br \/>\n05\tLengua y literatura\tAnual\tMateria\t4 horas<br \/>\n06\tMatem\u00e1tica \tAnual\tMateria\t4 horas<br \/>\n07\tCiencias Sociales \tAnual\tMateria\t4 horas<br \/>\n08\tCiencias naturales \tAnual\tMateria\t4 horas<br \/>\n09\tPr\u00e1ctica I: M\u00e9todos y t\u00e9cnicas de Recolecci\u00f3n\/instituci\u00f3n Educativas. \tAnual\tTaller \t5 horas<br \/>\n2 a\u00f1o<br \/>\n10\tTecnolog\u00edas de la informaci\u00f3n y la comunicaci\u00f3n \t2\u00b0Cuatrimestre\tTaller \t6 horas<br \/>\n11\tHistoria Argentina y Latinoamericana \t1\u00b0Cuatrimestre\tMateria\t4 horas<br \/>\n12\tHistoria y Pol\u00edtica de la Educaci\u00f3n Argentina\t2\u00b0Cuatrimestre\tMateria\t4 horas<br \/>\n13\tFilosof\u00eda \t1\u00b0Cuatrimestral\tMateria\t4 horas<br \/>\n14\tEnse\u00f1anza de la lengua y literatura \tAnual\tMateria\t6 horas<br \/>\n15\tEnse\u00f1anza de la matem\u00e1tica \tAnual\tMateria\t6 horas<br \/>\n16\tSujeto de la educaci\u00f3n primaria\tAnual\tMateria\t6 horas<br \/>\n17\tPr\u00e1ctica II: Programaci\u00f3n de la ense\u00f1anza\/curriculum y organizaciones escolares. \tAnual\tTaller \t6 horas<br \/>\n3 a\u00f1o<br \/>\n18\tPropuesta de la informaci\u00f3n y la comunicaci\u00f3n \tCuatrimestral \tSeminario\/Taller \t3 horas<br \/>\n19\tLengua extranjera \tCuatrimestral \tTaller \t3 horas<br \/>\n20\tAlfabetizaci\u00f3n inicial \tAnual\tTaller\t3 horas<br \/>\n21\tLenguajes art\u00edsticos integrados\tCuatrimestral \tTaller\t3 horas<br \/>\n22\tSociolog\u00eda de la Educaci\u00f3n \tCuatrimestral\tMateria \t4 horas<br \/>\n23\tProblem\u00e1tica Contempor\u00e1nea de la Educaci\u00f3n Primaria \tCuatrimestral\tSeminario \t3 horas<br \/>\n24\tTecnolog\u00edas de la Informaci\u00f3n y la comunicaci\u00f3n en la ense\u00f1anza\tCuatrimestral\tTaller \t3 horas<br \/>\n25\tEnse\u00f1anza de las ciencias Naturales\tAnual\tMateria \t6 horas<br \/>\n26\tEnse\u00f1anza de las ciencias Sociales\tAnual\tMateria \t6 horas<br \/>\n27\tPr\u00e1ctica III: Coordinaci\u00f3n de grupos de aprendizaje\/evaluaci\u00f3n de los aprendizajes\tAnual\ttaller\t7 horas<br \/>\n4 a\u00f1o<br \/>\n28\t\u00c9tica y ciudadan\u00eda \tCuatrimestral\tMateria \t6 horas<br \/>\n29\tEducaci\u00f3n Sexual Integral \tCuatrimestral\tMateria\t3 horas<br \/>\n30\tPropuesta Variable o complementaria 2\tCuatrimestral\tSeminario\/Taller \t3 horas<br \/>\n31\tAteneo Did\u00e1ctico: Matem\u00e1tica \tAnual\tAteneo\t3 horas<br \/>\n32\tAteneo Did\u00e1ctico: Lengua\tAnual\tAteneo\t3 horas<br \/>\n33\tAteneo Did\u00e1ctico: Ciencias Naturales \tAnual\tAteneo\t3 horas<br \/>\n34\tAteneo Did\u00e1ctico: ciencias Sociales \tAnual \tAteneo \t3 horas<br \/>\n35\tResidencia Pedag\u00f3gica: Sistematizaci\u00f3n de Experiencias \tAnual \tTaller \t10 horas<\/p>\n","protected":false},"excerpt":{"rendered":"<p>Plan de estudios: Denominaci\u00f3n de la carrera: Profesorado de Educaci\u00f3n Primaria. T\u00edtulo a otorgar: Profesor\/a de Educaci\u00f3n Primaria. Res. 1464\/2014 1 a\u00f1o Orden Unidad Curricular R\u00e9gimen Formato Horas did\u00e1cticas 01 Pedagog\u00eda Cuatrimestral Materia 6 horas 02 Psicolog\u00eda Educacional Cuatrimestral Materia 6 horas 03 Did\u00e1ctica General Anual Materia 4 horas 04 Lectura y escritura acad\u00e9mica Anual &#8230; <a title=\"Prof. en Educaci\u00f3n Primaria\" class=\"read-more\" href=\"https:\/\/isfdsabato-crr.infd.edu.ar\/sitio\/prof-en-educacion-primaria\/\" aria-label=\"More on Prof. en Educaci\u00f3n Primaria\">[+]<\/a><\/p>\n","protected":false},"author":17,"featured_media":0,"parent":0,"menu_order":0,"comment_status":"closed","ping_status":"closed","template":"","meta":[],"acf":[],"_links":{"self":[{"href":"https:\/\/isfdsabato-crr.infd.edu.ar\/sitio\/wp-json\/wp\/v2\/pages\/796"}],"collection":[{"href":"https:\/\/isfdsabato-crr.infd.edu.ar\/sitio\/wp-json\/wp\/v2\/pages"}],"about":[{"href":"https:\/\/isfdsabato-crr.infd.edu.ar\/sitio\/wp-json\/wp\/v2\/types\/page"}],"author":[{"embeddable":true,"href":"https:\/\/isfdsabato-crr.infd.edu.ar\/sitio\/wp-json\/wp\/v2\/users\/17"}],"replies":[{"embeddable":true,"href":"https:\/\/isfdsabato-crr.infd.edu.ar\/sitio\/wp-json\/wp\/v2\/comments?post=796"}],"version-history":[{"count":6,"href":"https:\/\/isfdsabato-crr.infd.edu.ar\/sitio\/wp-json\/wp\/v2\/pages\/796\/revisions"}],"predecessor-version":[{"id":864,"href":"https:\/\/isfdsabato-crr.infd.edu.ar\/sitio\/wp-json\/wp\/v2\/pages\/796\/revisions\/864"}],"wp:attachment":[{"href":"https:\/\/isfdsabato-crr.infd.edu.ar\/sitio\/wp-json\/wp\/v2\/media?parent=796"}],"curies":[{"name":"wp","href":"https:\/\/api.w.org\/{rel}","templated":true}]}}