{"id":741,"date":"2018-06-28T01:23:34","date_gmt":"2018-06-28T04:23:34","guid":{"rendered":"https:\/\/isfdsabato-crr.infd.edu.ar\/sitio\/datos-institucionales\/"},"modified":"2023-04-10T19:17:50","modified_gmt":"2023-04-10T22:17:50","slug":"datos-institucionales","status":"publish","type":"page","link":"https:\/\/isfdsabato-crr.infd.edu.ar\/sitio\/datos-institucionales\/","title":{"rendered":"Datos institucionales"},"content":{"rendered":"<blockquote>\n<ul>\n<li><span style=\"font-family: verdana; font-size: small;\">Nombre completo: Instituto\u00a0Superior de Formaci\u00f3n Docente \u00abErnesto S\u00e1bato\u00bb\u00a0<\/span><\/li>\n<li><span style=\"font-family: verdana; font-size: small;\">Horarios de atenci\u00f3n: 18 hs. a 23 hs.<\/span><\/li>\n<li><span style=\"font-family: verdana; font-size: small;\">Direcci\u00f3n: Z. de Luca y Libertad 3346 La Cruz Corrientes<\/span><\/li>\n<li><span style=\"font-family: verdana; font-size: small;\">Tel\u00e9fonos: 03772-506186<\/span><\/li>\n<li><span style=\"font-family: verdana; font-size: small;\">E-mail de consultas: 1801416-00@mec.gob.ar <\/span><\/li>\n<li><span style=\"font-family: verdana; font-size: small;\">URL: isfdsabato-crr.infd.edu.ar<\/span><\/li>\n<\/ul>\n<\/blockquote>\n","protected":false},"excerpt":{"rendered":"<p>Nombre completo: Instituto\u00a0Superior de Formaci\u00f3n Docente \u00abErnesto S\u00e1bato\u00bb\u00a0 Horarios de atenci\u00f3n: 18 hs. a 23 hs. Direcci\u00f3n: Z. de Luca y Libertad 3346 La Cruz Corrientes Tel\u00e9fonos: 03772-506186 E-mail de consultas: 1801416-00@mec.gob.ar URL: isfdsabato-crr.infd.edu.ar<\/p>\n","protected":false},"author":20,"featured_media":0,"parent":0,"menu_order":0,"comment_status":"closed","ping_status":"closed","template":"","meta":[],"acf":[],"_links":{"self":[{"href":"https:\/\/isfdsabato-crr.infd.edu.ar\/sitio\/wp-json\/wp\/v2\/pages\/741"}],"collection":[{"href":"https:\/\/isfdsabato-crr.infd.edu.ar\/sitio\/wp-json\/wp\/v2\/pages"}],"about":[{"href":"https:\/\/isfdsabato-crr.infd.edu.ar\/sitio\/wp-json\/wp\/v2\/types\/page"}],"author":[{"embeddable":true,"href":"https:\/\/isfdsabato-crr.infd.edu.ar\/sitio\/wp-json\/wp\/v2\/users\/20"}],"replies":[{"embeddable":true,"href":"https:\/\/isfdsabato-crr.infd.edu.ar\/sitio\/wp-json\/wp\/v2\/comments?post=741"}],"version-history":[{"count":2,"href":"https:\/\/isfdsabato-crr.infd.edu.ar\/sitio\/wp-json\/wp\/v2\/pages\/741\/revisions"}],"predecessor-version":[{"id":917,"href":"https:\/\/isfdsabato-crr.infd.edu.ar\/sitio\/wp-json\/wp\/v2\/pages\/741\/revisions\/917"}],"wp:attachment":[{"href":"https:\/\/isfdsabato-crr.infd.edu.ar\/sitio\/wp-json\/wp\/v2\/media?parent=741"}],"curies":[{"name":"wp","href":"https:\/\/api.w.org\/{rel}","templated":true}]}}